{"id":31,"date":"2016-01-05T16:49:42","date_gmt":"2016-01-05T16:49:42","guid":{"rendered":"http:\/\/www.daskompliment.com\/wp2\/?page_id=31"},"modified":"2017-08-07T21:54:49","modified_gmt":"2017-08-07T19:54:49","slug":"uber","status":"publish","type":"page","link":"http:\/\/www.daskompliment.com\/wp2\/uber\/","title":{"rendered":"\u00dcber"},"content":{"rendered":"<table style=\"border: none;\">\n<tbody>\n<tr>\n<td style=\"vertical-align: top; text-align: left;\" width=\"60%\">&nbsp;<\/p>\n<p>So! Sch\u00f6n das Du da bist,<br \/>\nviel Spa\u00df beim st\u00f6bern auf meiner Seite, sollten Dir meine Bilder gefallen, freue ich mich auf Deine Nachricht.<\/p>\n<p>Bei meinen jetzigen Bildern ist klar zu erkennen dass ich gerne Portraits erstelle.<br \/>\nDie Frage nach dem einzigartigen &#8222;Stil&#8220; stellt sich mir nicht, mein Ziel ist es Bilder in unterschiedlicher Art und Weise zu erstellen. Keine Reihenaufnahmen, die alle ein Element gemein haben. Zum Beispiel einen bestimmten Color-Look, eine digitale Bearbeitungsform oder eine Perspektive. Ich schenke mir den Wiedererkennungswert denn ich will euch sch\u00f6n sehen, und &#8222;sch\u00f6n&#8220; ist f\u00fcr jeden etwas anderes. \u00a0Authentizit\u00e4t und Kreativit\u00e4t &#8211; darauf kommt es mir an. Fotografie kann die Wahrheit abbilden, das kann sie immer. Viel mehr Freude und Erstaunen wird aber erzeugt wenn die Phantasie auch mitspielen darf. Kommst Du mit?<\/p>\n<p>Nun zu meiner Arbeit:<br \/>\nKomplimente vergebe ich seit 2006 mit wachsender Begeisterung &#8211; sie ver\u00e4ndern sich. Sie wechseln die Form und die Farbe, die Gr\u00f6\u00dfe und den Inhalt, aber eines bleibt: Jeder mag sie und sie sind leicht zu geben.<\/td>\n<td width=\"40%\"><img loading=\"lazy\" class=\"size-full wp-image-440 alignright\" src=\"http:\/\/www.daskompliment.com\/wp2\/wp-content\/uploads\/2016\/01\/779A4029.png\" alt=\"\" width=\"500\" height=\"500\" srcset=\"http:\/\/www.daskompliment.com\/wp2\/wp-content\/uploads\/2016\/01\/779A4029.png 500w, http:\/\/www.daskompliment.com\/wp2\/wp-content\/uploads\/2016\/01\/779A4029-150x150.png 150w, http:\/\/www.daskompliment.com\/wp2\/wp-content\/uploads\/2016\/01\/779A4029-470x470.png 470w\" sizes=\"(max-width: 500px) 100vw, 500px\" \/><\/td>\n<\/tr>\n<\/tbody>\n<\/table>\n","protected":false},"excerpt":{"rendered":"<p>&nbsp; So! Sch\u00f6n das Du da bist, viel Spa\u00df beim st\u00f6bern auf meiner Seite, sollten Dir meine Bilder gefallen, freue ich mich auf Deine Nachricht. Bei meinen jetzigen Bildern ist klar zu erkennen dass ich gerne Portraits erstelle. Die Frage nach dem einzigartigen &#8222;Stil&#8220; stellt sich mir nicht, mein Ziel ist es Bilder in unterschiedlicher Art und Weise zu erstellen&#8230;.<\/p>\n","protected":false},"author":1,"featured_media":0,"parent":0,"menu_order":5,"comment_status":"closed","ping_status":"closed","template":"","meta":[],"_links":{"self":[{"href":"http:\/\/www.daskompliment.com\/wp2\/wp-json\/wp\/v2\/pages\/31"}],"collection":[{"href":"http:\/\/www.daskompliment.com\/wp2\/wp-json\/wp\/v2\/pages"}],"about":[{"href":"http:\/\/www.daskompliment.com\/wp2\/wp-json\/wp\/v2\/types\/page"}],"author":[{"embeddable":true,"href":"http:\/\/www.daskompliment.com\/wp2\/wp-json\/wp\/v2\/users\/1"}],"replies":[{"embeddable":true,"href":"http:\/\/www.daskompliment.com\/wp2\/wp-json\/wp\/v2\/comments?post=31"}],"version-history":[{"count":32,"href":"http:\/\/www.daskompliment.com\/wp2\/wp-json\/wp\/v2\/pages\/31\/revisions"}],"predecessor-version":[{"id":546,"href":"http:\/\/www.daskompliment.com\/wp2\/wp-json\/wp\/v2\/pages\/31\/revisions\/546"}],"wp:attachment":[{"href":"http:\/\/www.daskompliment.com\/wp2\/wp-json\/wp\/v2\/media?parent=31"}],"curies":[{"name":"wp","href":"https:\/\/api.w.org\/{rel}","templated":true}]}}